{"id":108,"date":"2019-05-11T00:00:00","date_gmt":"2019-05-11T00:00:00","guid":{"rendered":"http:\/\/syutoku-edu.jp\/?page_id=108"},"modified":"2024-08-12T14:33:44","modified_gmt":"2024-08-12T05:33:44","slug":"ag_guide","status":"publish","type":"page","link":"http:\/\/syutoku-edu.jp\/vt\/ag_guide\/","title":{"rendered":"Th\u1ee7 t\u1ee5c nh\u1eadp h\u1ecdc"},"content":{"rendered":"<div class=\"container\">\n<h2>Th\u1ee7 t\u1ee5c: \u0110\u01a1n nh\u1eadp h\u1ecdc<\/h2>\n<ul class=\"step\">\n<li><strong>1<\/strong> G\u1eedi \u0111\u01a1n \u0111\u0103ng k\u00fd \u0111\u1ebfn tr\u01b0\u1eddng v\u00e0 \u0111i\u1ec1n v\u00e0o m\u1eabu nh\u1eadp h\u1ecdc<br \/>\n<a href=\"http:\/\/syutoku-edu.jp\/wp-content\/uploads\/2024\/08\/\u3010\u79c0\u5fb3\u6559\u80b2\u5b66\u9662\u3011\u5165\u5b66\u7533\u8acb\u66f8\u985e2024\u7248\u672c\u4eba.xlsx\">T\u1ea3i t\u00e0i li\u1ec7u \u1ee9ng d\u1ee5ng<\/a><\/li>\n<li><strong>2<\/strong> Tr\u01b0\u1eddng ti\u1ebfn h\u00e0nh \u0111\u00e1nh gi\u00e1 v\u00e0 b\u00e0i ph\u1ecfng v\u1ea5n d\u1ef1a tr\u00ean b\u00e0i lu\u1eadn v\u00e0 nh\u1eefng th\u00f4ng tin \u0111\u01b0\u1ee3c cung c\u1ea5p b\u1edfi sinh vi\u00ean<br \/>\nVui l\u00f2ng li\u00ean h\u1ec7 v\u1edbi <a href=\"http:\/\/syutoku-edu.jp\/contact\">ch\u00fang t\u00f4i<\/a> v\u1ec1 qu\u00e1 tr\u00ecnh ph\u1ecfng v\u1ea5n.<\/li>\n<li><strong>3<\/strong> G\u1eedi th\u00f4ng tin c\u1ea7n thi\u1ebft \u0111\u1ec3 xin visa<br \/>\n<a href=\"http:\/\/syutoku-edu.jp\/wp-content\/uploads\/2024\/08\/\u7533\u8acb\u8cc7\u6599\u4ea4\u4ed8\u30ea\u30b9\u30c8\u65e5\u672c\u8a9e.pdf\">Ki\u1ec3m tra \u1edf \u0111\u00e2y \u0111\u1ec3 bi\u1ebft danh s\u00e1ch c\u00e1c t\u00e0i li\u1ec7u c\u1ea7n thi\u1ebft!!<\/a><\/li>\n<li><strong>4<\/strong> Ph\u00ed thu\u1ebf \u0111\u01b0\u1ee3c thanh to\u00e1n sau khi th\u1ecb th\u1ef1c \u0111\u01b0\u1ee3c ch\u1ea5p thu\u1eadn b\u1edfi C\u1ee5c xu\u1ea5t nh\u1eadp c\u1ea3nh Nh\u1eadt B\u1ea3n<br \/>\n<a href=\"http:\/\/syutoku-edu.jp\/cd_japanese\">Th\u00f4ng tin h\u1ecdc ph\u00ed<\/a><\/li>\n<li><strong>5<\/strong> Sinh vi\u00ean \u0111\u1ebfn nh\u1eadn th\u1ecb th\u1ef1c t\u1ea1i \u0111\u1ea1i s\u1ee9 qu\u00e1n<\/li>\n<li><strong>6<\/strong> \u0110\u1ebfn Nh\u1eadt B\u1ea3n v\u00e0 b\u1eaft \u0111\u1ea7u l\u1edbp h\u1ecdc c\u1ee7a b\u1ea1n!<\/li>\n<\/ul>\n<h2>Y\u00eau c\u1ea7u \u0111\u1ea7u v\u00e0o<\/h2>\n<ol>\n<li>Nh\u1eefng ng\u01b0\u1eddi \u0111\u00e3 ho\u00e0n th\u00e0nh ch\u01b0\u01a1ng tr\u00ecnh h\u1ecdc 12 n\u0103m ho\u1eb7c c\u00f3 tr\u00ecnh \u0111\u1ed9 h\u1ecdc v\u1ea5n t\u01b0\u01a1ng \u0111\u01b0\u01a1ng t\u1ea1i qu\u1ed1c gia c\u1ee7a h\u1ecd.<\/li>\n<li>Nh\u1eefng ng\u01b0\u1eddi chu\u1ea9n b\u1ecb t\u1ed1t nghi\u1ec7p kh\u00f3a h\u1ecdc cu\u1ed1i c\u00f9ng c\u1ee7a h\u1ecd ho\u1eb7c \u0111\u00e3 t\u1ed1t nghi\u1ec7p trong v\u00f2ng d\u01b0\u1edbi 5 n\u0103m.<\/li>\n<li>Nh\u1eefng ng\u01b0\u1eddi c\u00f3 th\u1ec3 g\u1eedi b\u1eb1ng ch\u1ee9ng v\u1ec1 vi\u1ec7c h\u1ecdc ti\u1ebfng Nh\u1eadt t\u1ea1i qu\u1ed1c gia c\u1ee7a h\u1ecd.<\/li>\n<\/ol>\n<p><!--Ch\u00fang t\u00f4i r\u1ea5t vui \u0111\u01b0\u1ee3c gi\u00fap b\u1ea1n l\u00e0m th\u1ee7 t\u1ee5c n\u00e0y. Vui l\u00f2ng li\u00ean h\u1ec7 v\u1edbi ch\u00fang t\u00f4i qua email n\u1ebfu qu\u00fd v\u1ecb c\u00f3 b\u1ea5t k\u1ef3 th\u1eafc m\u1eafc n\u00e0o b\u1eb1ng c\u00e1c ng\u00f4n ng\u1eef kh\u00e1c kh\u00f4ng ph\u1ea3i ti\u1ebfng Nh\u1eadt v\u00e0 ti\u1ebfng Anh.\n\n--><\/p>\n<\/div>\n","protected":false},"excerpt":{"rendered":"<p>Th\u1ee7 t\u1ee5c: \u0110\u01a1n nh\u1eadp h\u1ecdc 1 G\u1eedi \u0111\u01a1n \u0111\u0103ng k\u00fd \u0111\u1ebfn tr\u01b0\u1eddng v\u00e0 \u0111i\u1ec1n v\u00e0o m\u1eabu nh\u1eadp h\u1ecdc T\u1ea3i t\u00e0i li\u1ec7u \u1ee9ng d\u1ee5ng 2 Tr\u01b0\u1eddng ti\u1ebf [&hellip;]<\/p>\n","protected":false},"author":1,"featured_media":129,"parent":0,"menu_order":16,"comment_status":"closed","ping_status":"closed","template":"","meta":{"footnotes":""},"class_list":["post-108","page","type-page","status-publish","has-post-thumbnail","hentry"],"aioseo_notices":[],"_links":{"self":[{"href":"http:\/\/syutoku-edu.jp\/vt\/wp-json\/wp\/v2\/pages\/108","targetHints":{"allow":["GET"]}}],"collection":[{"href":"http:\/\/syutoku-edu.jp\/vt\/wp-json\/wp\/v2\/pages"}],"about":[{"href":"http:\/\/syutoku-edu.jp\/vt\/wp-json\/wp\/v2\/types\/page"}],"author":[{"embeddable":true,"href":"http:\/\/syutoku-edu.jp\/vt\/wp-json\/wp\/v2\/users\/1"}],"replies":[{"embeddable":true,"href":"http:\/\/syutoku-edu.jp\/vt\/wp-json\/wp\/v2\/comments?post=108"}],"version-history":[{"count":11,"href":"http:\/\/syutoku-edu.jp\/vt\/wp-json\/wp\/v2\/pages\/108\/revisions"}],"predecessor-version":[{"id":454,"href":"http:\/\/syutoku-edu.jp\/vt\/wp-json\/wp\/v2\/pages\/108\/revisions\/454"}],"wp:featuredmedia":[{"embeddable":true,"href":"http:\/\/syutoku-edu.jp\/vt\/wp-json\/wp\/v2\/media\/129"}],"wp:attachment":[{"href":"http:\/\/syutoku-edu.jp\/vt\/wp-json\/wp\/v2\/media?parent=108"}],"curies":[{"name":"wp","href":"https:\/\/api.w.org\/{rel}","templated":true}]}}